{"id":410,"date":"2018-05-18T10:48:40","date_gmt":"2018-05-18T10:48:40","guid":{"rendered":"https:\/\/colegionai.edu.co\/index.php\/home\/"},"modified":"2025-11-13T01:20:12","modified_gmt":"2025-11-13T01:20:12","slug":"inicio","status":"publish","type":"page","link":"https:\/\/colegionai.edu.co\/","title":{"rendered":"Inicio"},"content":{"rendered":"\t\t<div data-elementor-type=\"wp-post\" data-elementor-id=\"410\" class=\"elementor elementor-410\" data-elementor-post-type=\"page\">\n\t\t\t\t\t\t<section data-particle_enable=\"false\" data-particle-mobile-disabled=\"false\" class=\"elementor-section elementor-top-section elementor-element elementor-element-b2eb3a0 elementor-section-full_width elementor-section-height-default elementor-section-height-default\" data-id=\"b2eb3a0\" data-element_type=\"section\">\n\t\t\t\t\t\t<div class=\"elementor-container elementor-column-gap-no\">\n\t\t\t\t\t<div class=\"elementor-column elementor-col-100 elementor-top-column elementor-element elementor-element-00be261\" data-id=\"00be261\" data-element_type=\"column\">\n\t\t\t<div class=\"elementor-widget-wrap elementor-element-populated\">\n\t\t\t\t\t\t<div class=\"elementor-element elementor-element-80ac239 elementor-arrows-position-inside elementor-widget elementor-widget-image-carousel\" data-id=\"80ac239\" data-element_type=\"widget\" data-settings=\"{&quot;slides_to_show&quot;:&quot;1&quot;,&quot;navigation&quot;:&quot;arrows&quot;,&quot;autoplay_speed&quot;:10000,&quot;autoplay&quot;:&quot;yes&quot;,&quot;pause_on_hover&quot;:&quot;yes&quot;,&quot;pause_on_interaction&quot;:&quot;yes&quot;,&quot;infinite&quot;:&quot;yes&quot;,&quot;effect&quot;:&quot;slide&quot;,&quot;speed&quot;:500}\" data-widget_type=\"image-carousel.default\">\n\t\t\t\t<div class=\"elementor-widget-container\">\n\t\t\t<style>\/*! elementor - v3.22.0 - 26-06-2024 *\/\n.elementor-widget-image-carousel .swiper,.elementor-widget-image-carousel .swiper-container{position:static}.elementor-widget-image-carousel .swiper-container .swiper-slide figure,.elementor-widget-image-carousel .swiper .swiper-slide figure{line-height:inherit}.elementor-widget-image-carousel .swiper-slide{text-align:center}.elementor-image-carousel-wrapper:not(.swiper-container-initialized):not(.swiper-initialized) .swiper-slide{max-width:calc(100% \/ var(--e-image-carousel-slides-to-show, 3))}<\/style>\t\t<div class=\"elementor-image-carousel-wrapper swiper\" dir=\"ltr\">\n\t\t\t<div class=\"elementor-image-carousel swiper-wrapper\" aria-live=\"off\">\n\t\t\t\t\t\t\t\t<div class=\"swiper-slide\" role=\"group\" aria-roledescription=\"slide\" aria-label=\"1 of 5\"><a data-elementor-open-lightbox=\"yes\" data-elementor-lightbox-slideshow=\"80ac239\" data-elementor-lightbox-title=\"Junio 3\" data-e-action-hash=\"#elementor-action%3Aaction%3Dlightbox%26settings%3DeyJpZCI6MTk4MzcsInVybCI6Imh0dHBzOlwvXC9jb2xlZ2lvbmFpLmVkdS5jb1wvd3AtY29udGVudFwvdXBsb2Fkc1wvMjAyNVwvMDZcL0p1bmlvLTMuanBnIiwic2xpZGVzaG93IjoiODBhYzIzOSJ9\" href=\"https:\/\/colegionai.edu.co\/index.php\/admisiones-3\/\"><figure class=\"swiper-slide-inner\"><img decoding=\"async\" class=\"swiper-slide-image\" src=\"https:\/\/colegionai.edu.co\/wp-content\/uploads\/2025\/06\/Junio-3.jpg\" alt=\"Junio 3\" \/><\/figure><\/a><\/div><div class=\"swiper-slide\" role=\"group\" aria-roledescription=\"slide\" aria-label=\"2 of 5\"><a data-elementor-open-lightbox=\"yes\" data-elementor-lightbox-slideshow=\"80ac239\" data-elementor-lightbox-title=\"Enero\" data-e-action-hash=\"#elementor-action%3Aaction%3Dlightbox%26settings%3DeyJpZCI6MTk2MTIsInVybCI6Imh0dHBzOlwvXC9jb2xlZ2lvbmFpLmVkdS5jb1wvd3AtY29udGVudFwvdXBsb2Fkc1wvMjAyNVwvMDFcL0VuZXJvLmpwZyIsInNsaWRlc2hvdyI6IjgwYWMyMzkifQ%3D%3D\" href=\"https:\/\/colegionai.edu.co\/index.php\/admisiones-3\/\"><figure class=\"swiper-slide-inner\"><img decoding=\"async\" class=\"swiper-slide-image\" src=\"https:\/\/colegionai.edu.co\/wp-content\/uploads\/2025\/01\/Enero.jpg\" alt=\"Enero\" \/><\/figure><\/a><\/div><div class=\"swiper-slide\" role=\"group\" aria-roledescription=\"slide\" aria-label=\"3 of 5\"><a data-elementor-open-lightbox=\"yes\" data-elementor-lightbox-slideshow=\"80ac239\" data-elementor-lightbox-title=\"Banner 27 de octubre\" data-e-action-hash=\"#elementor-action%3Aaction%3Dlightbox%26settings%3DeyJpZCI6MjAxMDMsInVybCI6Imh0dHBzOlwvXC9jb2xlZ2lvbmFpLmVkdS5jb1wvd3AtY29udGVudFwvdXBsb2Fkc1wvMjAyNVwvMTBcL0Jhbm5lci0yNy1kZS1vY3R1YnJlLmpwZyIsInNsaWRlc2hvdyI6IjgwYWMyMzkifQ%3D%3D\" href=\"https:\/\/colegionai.edu.co\/index.php\/admisiones-3\/\"><figure class=\"swiper-slide-inner\"><img decoding=\"async\" class=\"swiper-slide-image\" src=\"https:\/\/colegionai.edu.co\/wp-content\/uploads\/2025\/10\/Banner-27-de-octubre.jpg\" alt=\"Banner 27 de octubre\" \/><\/figure><\/a><\/div><div class=\"swiper-slide\" role=\"group\" aria-roledescription=\"slide\" aria-label=\"4 of 5\"><a data-elementor-open-lightbox=\"yes\" data-elementor-lightbox-slideshow=\"80ac239\" data-elementor-lightbox-title=\"Banner febrero\" data-e-action-hash=\"#elementor-action%3Aaction%3Dlightbox%26settings%3DeyJpZCI6MTk2NzgsInVybCI6Imh0dHBzOlwvXC9jb2xlZ2lvbmFpLmVkdS5jb1wvd3AtY29udGVudFwvdXBsb2Fkc1wvMjAyNVwvMDJcL0Jhbm5lci1mZWJyZXJvLXNjYWxlZC5qcGciLCJzbGlkZXNob3ciOiI4MGFjMjM5In0%3D\" href=\"https:\/\/colegionai.edu.co\/index.php\/admisiones-3\/\"><figure class=\"swiper-slide-inner\"><img decoding=\"async\" class=\"swiper-slide-image\" src=\"https:\/\/colegionai.edu.co\/wp-content\/uploads\/2025\/02\/Banner-febrero-scaled.jpg\" alt=\"Banner febrero\" \/><\/figure><\/a><\/div><div class=\"swiper-slide\" role=\"group\" aria-roledescription=\"slide\" aria-label=\"5 of 5\"><a data-elementor-open-lightbox=\"yes\" data-elementor-lightbox-slideshow=\"80ac239\" data-elementor-lightbox-title=\"P\u00e1gina 3\" data-e-action-hash=\"#elementor-action%3Aaction%3Dlightbox%26settings%3DeyJpZCI6MTg3ODcsInVybCI6Imh0dHBzOlwvXC9jb2xlZ2lvbmFpLmVkdS5jb1wvd3AtY29udGVudFwvdXBsb2Fkc1wvMjAyNFwvMDFcL1BhZ2luYS0zLmpwZyIsInNsaWRlc2hvdyI6IjgwYWMyMzkifQ%3D%3D\" href=\"https:\/\/colegionai.edu.co\/index.php\/admisiones-3\/\"><figure class=\"swiper-slide-inner\"><img decoding=\"async\" class=\"swiper-slide-image\" src=\"https:\/\/colegionai.edu.co\/wp-content\/uploads\/2024\/01\/Pagina-3.jpg\" alt=\"P\u00e1gina 3\" \/><\/figure><\/a><\/div>\t\t\t<\/div>\n\t\t\t\t\t\t\t\t\t\t\t\t<div class=\"elementor-swiper-button elementor-swiper-button-prev\" role=\"button\" tabindex=\"0\">\n\t\t\t\t\t\t<i aria-hidden=\"true\" class=\"eicon-chevron-left\"><\/i>\t\t\t\t\t<\/div>\n\t\t\t\t\t<div class=\"elementor-swiper-button elementor-swiper-button-next\" role=\"button\" tabindex=\"0\">\n\t\t\t\t\t\t<i aria-hidden=\"true\" class=\"eicon-chevron-right\"><\/i>\t\t\t\t\t<\/div>\n\t\t\t\t\n\t\t\t\t\t\t\t\t\t<\/div>\n\t\t\t\t<\/div>\n\t\t\t\t<\/div>\n\t\t\t\t<div class=\"elementor-element elementor-element-e37ca69 elementor-widget elementor-widget-image\" data-id=\"e37ca69\" data-element_type=\"widget\" data-widget_type=\"image.default\">\n\t\t\t\t<div class=\"elementor-widget-container\">\n\t\t\t<style>\/*! elementor - v3.22.0 - 26-06-2024 *\/\n.elementor-widget-image{text-align:center}.elementor-widget-image a{display:inline-block}.elementor-widget-image a img[src$=\".svg\"]{width:48px}.elementor-widget-image img{vertical-align:middle;display:inline-block}<\/style>\t\t\t\t\t\t\t\t\t\t<img fetchpriority=\"high\" decoding=\"async\" width=\"934\" height=\"58\" src=\"https:\/\/colegionai.edu.co\/wp-content\/uploads\/2022\/06\/Barra3-01.png\" class=\"attachment-large size-large wp-image-17227\" alt=\"\" srcset=\"https:\/\/colegionai.edu.co\/wp-content\/uploads\/2022\/06\/Barra3-01.png 934w, https:\/\/colegionai.edu.co\/wp-content\/uploads\/2022\/06\/Barra3-01-600x37.png 600w, https:\/\/colegionai.edu.co\/wp-content\/uploads\/2022\/06\/Barra3-01-300x19.png 300w, https:\/\/colegionai.edu.co\/wp-content\/uploads\/2022\/06\/Barra3-01-768x48.png 768w\" sizes=\"(max-width: 934px) 100vw, 934px\" \/>\t\t\t\t\t\t\t\t\t\t\t\t\t<\/div>\n\t\t\t\t<\/div>\n\t\t\t\t\t<\/div>\n\t\t<\/div>\n\t\t\t\t\t<\/div>\n\t\t<\/section>\n\t\t\t\t<section data-particle_enable=\"false\" data-particle-mobile-disabled=\"false\" class=\"elementor-section elementor-top-section elementor-element elementor-element-690b04cf elementor-section-boxed elementor-section-height-default elementor-section-height-default\" data-id=\"690b04cf\" data-element_type=\"section\" data-settings=\"{&quot;background_background&quot;:&quot;classic&quot;}\">\n\t\t\t\t\t\t\t<div class=\"elementor-background-overlay\"><\/div>\n\t\t\t\t\t\t\t<div class=\"elementor-container elementor-column-gap-default\">\n\t\t\t\t\t<div class=\"elementor-column elementor-col-100 elementor-top-column elementor-element elementor-element-3233a631\" data-id=\"3233a631\" data-element_type=\"column\">\n\t\t\t<div class=\"elementor-widget-wrap elementor-element-populated\">\n\t\t\t\t\t\t<div class=\"elementor-element elementor-element-1c03db92 elementor-widget elementor-widget-heading\" data-id=\"1c03db92\" data-element_type=\"widget\" data-widget_type=\"heading.default\">\n\t\t\t\t<div class=\"elementor-widget-container\">\n\t\t\t<style>\/*! elementor - v3.22.0 - 26-06-2024 *\/\n.elementor-heading-title{padding:0;margin:0;line-height:1}.elementor-widget-heading .elementor-heading-title[class*=elementor-size-]>a{color:inherit;font-size:inherit;line-height:inherit}.elementor-widget-heading .elementor-heading-title.elementor-size-small{font-size:15px}.elementor-widget-heading .elementor-heading-title.elementor-size-medium{font-size:19px}.elementor-widget-heading .elementor-heading-title.elementor-size-large{font-size:29px}.elementor-widget-heading .elementor-heading-title.elementor-size-xl{font-size:39px}.elementor-widget-heading .elementor-heading-title.elementor-size-xxl{font-size:59px}<\/style><h2 class=\"elementor-heading-title elementor-size-default\">CNAI<\/h2>\t\t<\/div>\n\t\t\t\t<\/div>\n\t\t\t\t<div class=\"elementor-element elementor-element-1c4ef4e elementor-widget elementor-widget-image\" data-id=\"1c4ef4e\" data-element_type=\"widget\" data-widget_type=\"image.default\">\n\t\t\t\t<div class=\"elementor-widget-container\">\n\t\t\t\t\t\t\t\t\t\t\t\t\t<img decoding=\"async\" src=\"https:\/\/colegionai.edu.co\/wp-content\/uploads\/elementor\/thumbs\/Captura-ppvczerrhfphmsv2jba38lfct15gd776twbappolvq.png\" title=\"Captura\" alt=\"Captura\" loading=\"lazy\" \/>\t\t\t\t\t\t\t\t\t\t\t\t\t<\/div>\n\t\t\t\t<\/div>\n\t\t\t\t<div class=\"elementor-element elementor-element-6dd87bf3 elementor-widget elementor-widget-text-editor\" data-id=\"6dd87bf3\" data-element_type=\"widget\" data-widget_type=\"text-editor.default\">\n\t\t\t\t<div class=\"elementor-widget-container\">\n\t\t\t<style>\/*! elementor - v3.22.0 - 26-06-2024 *\/\n.elementor-widget-text-editor.elementor-drop-cap-view-stacked .elementor-drop-cap{background-color:#69727d;color:#fff}.elementor-widget-text-editor.elementor-drop-cap-view-framed .elementor-drop-cap{color:#69727d;border:3px solid;background-color:transparent}.elementor-widget-text-editor:not(.elementor-drop-cap-view-default) .elementor-drop-cap{margin-top:8px}.elementor-widget-text-editor:not(.elementor-drop-cap-view-default) .elementor-drop-cap-letter{width:1em;height:1em}.elementor-widget-text-editor .elementor-drop-cap{float:left;text-align:center;line-height:1;font-size:50px}.elementor-widget-text-editor .elementor-drop-cap-letter{display:inline-block}<\/style>\t\t\t\t<p>Estamos convencidos de que la verdadera educaci\u00f3n incluye procesos en el SER, SABER y HACER, a trav\u00e9s de la excelencia acad\u00e9mica y la formaci\u00f3n del car\u00e1cter virtuoso. De esta manera, nuestros estudiantes, enriquecidos integralmente, pueden enriquecer a su entorno desde muy temprana edad. \u00a1Unidos con las familias, contribuimos a la formaci\u00f3n de la <i>Generaci\u00f3n de la Esperanza<\/i><\/p>\n<p><span style=\"color: #2e3591;\"><i><b>\u00c9nfasis nuevos y de siempre<\/b><\/i><\/span><\/p>\n<ol style=\"list-style: decimal; color: #2e3591; font-weight: bold;\">\n<li><em><strong><span style=\"color: #2e3591;\">Valores y principios cristianos:<\/span><\/strong><\/em> <span style=\"color: #333333; font-weight: normal;\">Instruye al ni\u00f1o en su camino, y aun cuando fuere viejo no se apartar\u00e1 de \u00e9l. Proverbios 22:6<\/span><\/li>\n<li><em><strong><span style=\"color: #2e3591;\">C\u00e1tedra de Felicidad:<\/span><\/strong><\/em> <span style=\"color: #333333; font-weight: normal;\">Articulaci\u00f3n de La Palabra con la vida.<\/span><\/li>\n<li><em><strong><span style=\"color: #2e3591;\">Programaci\u00f3n:<\/span><\/strong><\/em> <span style=\"color: #333333; font-weight: normal;\">Innovaci\u00f3n y creatividad a trav\u00e9s de codificaci\u00f3n, pensamiento computacional y resoluci\u00f3n de problemas.<\/span><\/li>\n<li><em><strong><span style=\"color: #2e3591;\">Ingl\u00e9s intensivo:<\/span> <\/strong><\/em><span style=\"color: #333333; font-weight: normal;\">Our intensivo English Program focuses on practical language use, integrating cross-curricular subjects AND dynamic activities to develop advanced communication and writing skills in real-world contexts.<\/span><\/li>\n<\/ol>\t\t\t\t\t\t<\/div>\n\t\t\t\t<\/div>\n\t\t\t\t\t<\/div>\n\t\t<\/div>\n\t\t\t\t\t<\/div>\n\t\t<\/section>\n\t\t\t\t<section data-particle_enable=\"false\" data-particle-mobile-disabled=\"false\" class=\"elementor-section elementor-top-section elementor-element elementor-element-7df35ec5 elementor-section-boxed elementor-section-height-default elementor-section-height-default\" data-id=\"7df35ec5\" data-element_type=\"section\" data-settings=\"{&quot;background_background&quot;:&quot;classic&quot;}\">\n\t\t\t\t\t\t<div class=\"elementor-container elementor-column-gap-default\">\n\t\t\t\t\t<div class=\"elementor-column elementor-col-100 elementor-top-column elementor-element elementor-element-5efd2dc5\" data-id=\"5efd2dc5\" data-element_type=\"column\">\n\t\t\t<div class=\"elementor-widget-wrap elementor-element-populated\">\n\t\t\t\t\t\t<section data-particle_enable=\"false\" data-particle-mobile-disabled=\"false\" class=\"elementor-section elementor-inner-section elementor-element elementor-element-12018098 elementor-section-boxed elementor-section-height-default elementor-section-height-default\" data-id=\"12018098\" data-element_type=\"section\">\n\t\t\t\t\t\t<div class=\"elementor-container elementor-column-gap-default\">\n\t\t\t\t\t<div class=\"elementor-column elementor-col-100 elementor-inner-column elementor-element elementor-element-1478944\" data-id=\"1478944\" data-element_type=\"column\">\n\t\t\t<div class=\"elementor-widget-wrap elementor-element-populated\">\n\t\t\t\t\t\t<div class=\"elementor-element elementor-element-437894aa elementor-widget elementor-widget-heading\" data-id=\"437894aa\" data-element_type=\"widget\" data-widget_type=\"heading.default\">\n\t\t\t\t<div class=\"elementor-widget-container\">\n\t\t\t<h2 class=\"elementor-heading-title elementor-size-default\">Trabaja con Nosotros<\/h2>\t\t<\/div>\n\t\t\t\t<\/div>\n\t\t\t\t<div class=\"elementor-element elementor-element-5f7470a7 elementor-widget elementor-widget-text-editor\" data-id=\"5f7470a7\" data-element_type=\"widget\" data-widget_type=\"text-editor.default\">\n\t\t\t\t<div class=\"elementor-widget-container\">\n\t\t\t\t\t\t\t<p>Si quieres hacer parte de nuestra planta docente, anexa tu informaci\u00f3n en el siguiente formulario<\/p>\t\t\t\t\t\t<\/div>\n\t\t\t\t<\/div>\n\t\t\t\t<div class=\"elementor-element elementor-element-43b09694 elementor-align-center elementor-widget elementor-widget-bdt-advanced-button\" data-id=\"43b09694\" data-element_type=\"widget\" data-widget_type=\"bdt-advanced-button.default\">\n\t\t\t\t<div class=\"elementor-widget-container\">\n\t\t\t\t\t<div class=\"bdt-ep-button-wrapper\">\n\t\t\t<a href=\"https:\/\/forms.gle\/mz4FeLXHod9rneXr9\" target=\"_blank\" class=\"bdt-ep-button bdt-ep-button-effect-a bdt-ep-button-size-md elementor-animation-push\">\n\t\t\t\t\t\t<div class=\"bdt-ep-button-content-wrapper bdt-flex bdt-flex-middle bdt-flex-center  \" data-text=\"Formulario\">\n\t\t\t\t\t\t\t<div class=\"bdt-ep-button-icon bdt-flex-center bdt-flex-align-right\">\n\t\t\t\t\t<div class=\"bdt-ep-button-icon-inner\">\n\n\t\t\t\t\t\t<i aria-hidden=\"true\" class=\"fa-fw fas fa-chevron-right\"><\/i>\n\t\t\t\t\t<\/div>\n\t\t\t\t<\/div>\n\t\t\t\n\t\t\t<div class=\"bdt-ep-button-text\">\n\n\t\t\t\t<span class=\"avdbtn-text\">\n\t\t\t\t\tFormulario\t\t\t\t<\/span>\n\n\t\t\t\t\t\t\t<\/div>\n\n\t\t\t\n\t\t<\/div>\n\t\t\t\t\t<\/a>\n\t\t<\/div>\n\t\t\t\t<\/div>\n\t\t\t\t<\/div>\n\t\t\t\t\t<\/div>\n\t\t<\/div>\n\t\t\t\t\t<\/div>\n\t\t<\/section>\n\t\t\t\t\t<\/div>\n\t\t<\/div>\n\t\t\t\t\t<\/div>\n\t\t<\/section>\n\t\t\t\t<\/div>\n\t\t","protected":false},"excerpt":{"rendered":"<p>CNAI Estamos convencidos de que la verdadera educaci\u00f3n incluye procesos en el SER, SABER y HACER, a trav\u00e9s de la excelencia acad\u00e9mica y la formaci\u00f3n del car\u00e1cter virtuoso. De esta manera, nuestros estudiantes, enriquecidos integralmente, pueden enriquecer a su entorno desde muy temprana edad. \u00a1Unidos con las familias, contribuimos a la formaci\u00f3n de la Generaci\u00f3n &hellip;<\/p>\n<p class=\"read-more\"> <a class=\"\" href=\"https:\/\/colegionai.edu.co\/\"> <span class=\"screen-reader-text\">Inicio<\/span> Read More &raquo;<\/a><\/p>\n","protected":false},"author":1,"featured_media":0,"parent":0,"menu_order":0,"comment_status":"closed","ping_status":"closed","template":"","meta":{"om_disable_all_campaigns":false,"_monsterinsights_skip_tracking":false,"_monsterinsights_sitenote_active":false,"_monsterinsights_sitenote_note":"","_monsterinsights_sitenote_category":0,"site-sidebar-layout":"no-sidebar","site-content-layout":"page-builder","ast-global-header-display":"","ast-main-header-display":"","ast-hfb-above-header-display":"","ast-hfb-below-header-display":"","ast-hfb-mobile-header-display":"","site-post-title":"disabled","ast-breadcrumbs-content":"","ast-featured-img":"disabled","footer-sml-layout":"","theme-transparent-header-meta":"default","adv-header-id-meta":"","stick-header-meta":"","header-above-stick-meta":"","header-main-stick-meta":"","header-below-stick-meta":"","footnotes":""},"aioseo_notices":[],"_links":{"self":[{"href":"https:\/\/colegionai.edu.co\/index.php\/wp-json\/wp\/v2\/pages\/410"}],"collection":[{"href":"https:\/\/colegionai.edu.co\/index.php\/wp-json\/wp\/v2\/pages"}],"about":[{"href":"https:\/\/colegionai.edu.co\/index.php\/wp-json\/wp\/v2\/types\/page"}],"author":[{"embeddable":true,"href":"https:\/\/colegionai.edu.co\/index.php\/wp-json\/wp\/v2\/users\/1"}],"replies":[{"embeddable":true,"href":"https:\/\/colegionai.edu.co\/index.php\/wp-json\/wp\/v2\/comments?post=410"}],"version-history":[{"count":468,"href":"https:\/\/colegionai.edu.co\/index.php\/wp-json\/wp\/v2\/pages\/410\/revisions"}],"predecessor-version":[{"id":20159,"href":"https:\/\/colegionai.edu.co\/index.php\/wp-json\/wp\/v2\/pages\/410\/revisions\/20159"}],"wp:attachment":[{"href":"https:\/\/colegionai.edu.co\/index.php\/wp-json\/wp\/v2\/media?parent=410"}],"curies":[{"name":"wp","href":"https:\/\/api.w.org\/{rel}","templated":true}]}}