{"id":18001,"date":"2022-08-12T11:57:57","date_gmt":"2022-08-12T11:57:57","guid":{"rendered":"https:\/\/colegionai.edu.co\/?page_id=18001"},"modified":"2025-02-18T01:23:42","modified_gmt":"2025-02-18T01:23:42","slug":"perfil","status":"publish","type":"page","link":"https:\/\/colegionai.edu.co\/index.php\/perfil\/","title":{"rendered":"Perfil Aliancista"},"content":{"rendered":"\t\t<div data-elementor-type=\"wp-page\" data-elementor-id=\"18001\" class=\"elementor elementor-18001\" data-elementor-post-type=\"page\">\n\t\t\t\t\t\t<section data-particle_enable=\"false\" data-particle-mobile-disabled=\"false\" class=\"elementor-section elementor-top-section elementor-element elementor-element-50f2781 elementor-section-full_width elementor-section-height-default elementor-section-height-default\" data-id=\"50f2781\" data-element_type=\"section\">\n\t\t\t\t\t\t<div class=\"elementor-container elementor-column-gap-no\">\n\t\t\t\t\t<div class=\"elementor-column elementor-col-100 elementor-top-column elementor-element elementor-element-0bf44b5\" data-id=\"0bf44b5\" data-element_type=\"column\">\n\t\t\t<div class=\"elementor-widget-wrap elementor-element-populated\">\n\t\t\t\t\t\t<div class=\"elementor-element elementor-element-0d57372 elementor-widget elementor-widget-image\" data-id=\"0d57372\" data-element_type=\"widget\" data-widget_type=\"image.default\">\n\t\t\t\t<div class=\"elementor-widget-container\">\n\t\t\t<style>\/*! elementor - v3.22.0 - 26-06-2024 *\/\n.elementor-widget-image{text-align:center}.elementor-widget-image a{display:inline-block}.elementor-widget-image a img[src$=\".svg\"]{width:48px}.elementor-widget-image img{vertical-align:middle;display:inline-block}<\/style>\t\t\t\t\t\t\t\t\t\t<img fetchpriority=\"high\" decoding=\"async\" width=\"1912\" height=\"481\" src=\"https:\/\/colegionai.edu.co\/wp-content\/uploads\/2022\/09\/Perfil-01.png\" class=\"attachment-full size-full wp-image-18060\" alt=\"\" srcset=\"https:\/\/colegionai.edu.co\/wp-content\/uploads\/2022\/09\/Perfil-01.png 1912w, https:\/\/colegionai.edu.co\/wp-content\/uploads\/2022\/09\/Perfil-01-600x151.png 600w, https:\/\/colegionai.edu.co\/wp-content\/uploads\/2022\/09\/Perfil-01-300x75.png 300w, https:\/\/colegionai.edu.co\/wp-content\/uploads\/2022\/09\/Perfil-01-1024x258.png 1024w, https:\/\/colegionai.edu.co\/wp-content\/uploads\/2022\/09\/Perfil-01-768x193.png 768w, https:\/\/colegionai.edu.co\/wp-content\/uploads\/2022\/09\/Perfil-01-1536x386.png 1536w\" sizes=\"(max-width: 1912px) 100vw, 1912px\" \/>\t\t\t\t\t\t\t\t\t\t\t\t\t<\/div>\n\t\t\t\t<\/div>\n\t\t\t\t\t<\/div>\n\t\t<\/div>\n\t\t\t\t\t<\/div>\n\t\t<\/section>\n\t\t\t\t<section data-particle_enable=\"false\" data-particle-mobile-disabled=\"false\" class=\"elementor-section elementor-top-section elementor-element elementor-element-64cccded elementor-section-full_width elementor-section-height-default elementor-section-height-default\" data-id=\"64cccded\" data-element_type=\"section\" data-settings=\"{&quot;background_background&quot;:&quot;classic&quot;}\">\n\t\t\t\t\t\t<div class=\"elementor-container elementor-column-gap-default\">\n\t\t\t\t\t<div class=\"elementor-column elementor-col-100 elementor-top-column elementor-element elementor-element-3d0063b2\" data-id=\"3d0063b2\" data-element_type=\"column\">\n\t\t\t<div class=\"elementor-widget-wrap\">\n\t\t\t\t\t\t\t<\/div>\n\t\t<\/div>\n\t\t\t\t\t<\/div>\n\t\t<\/section>\n\t\t\t\t<section data-particle_enable=\"false\" data-particle-mobile-disabled=\"false\" class=\"elementor-section elementor-top-section elementor-element elementor-element-17f8867f elementor-section-full_width elementor-section-content-middle elementor-section-height-default elementor-section-height-default\" data-id=\"17f8867f\" data-element_type=\"section\" data-settings=\"{&quot;background_background&quot;:&quot;classic&quot;}\">\n\t\t\t\t\t\t\t<div class=\"elementor-background-overlay\"><\/div>\n\t\t\t\t\t\t\t<div class=\"elementor-container elementor-column-gap-default\">\n\t\t\t\t\t<div class=\"elementor-column elementor-col-50 elementor-top-column elementor-element elementor-element-45e92063\" data-id=\"45e92063\" data-element_type=\"column\">\n\t\t\t<div class=\"elementor-widget-wrap elementor-element-populated\">\n\t\t\t\t\t\t<div class=\"elementor-element elementor-element-7f16f33b elementor-widget elementor-widget-image\" data-id=\"7f16f33b\" data-element_type=\"widget\" data-widget_type=\"image.default\">\n\t\t\t\t<div class=\"elementor-widget-container\">\n\t\t\t\t\t\t\t\t\t\t\t\t\t<img decoding=\"async\" width=\"2561\" height=\"1440\" src=\"https:\/\/colegionai.edu.co\/wp-content\/uploads\/2022\/09\/Directivos-01.png\" class=\"attachment-full size-full wp-image-18057\" alt=\"\" srcset=\"https:\/\/colegionai.edu.co\/wp-content\/uploads\/2022\/09\/Directivos-01.png 2561w, https:\/\/colegionai.edu.co\/wp-content\/uploads\/2022\/09\/Directivos-01-600x337.png 600w, https:\/\/colegionai.edu.co\/wp-content\/uploads\/2022\/09\/Directivos-01-300x169.png 300w, https:\/\/colegionai.edu.co\/wp-content\/uploads\/2022\/09\/Directivos-01-1024x576.png 1024w, https:\/\/colegionai.edu.co\/wp-content\/uploads\/2022\/09\/Directivos-01-768x432.png 768w, https:\/\/colegionai.edu.co\/wp-content\/uploads\/2022\/09\/Directivos-01-1536x864.png 1536w, https:\/\/colegionai.edu.co\/wp-content\/uploads\/2022\/09\/Directivos-01-2048x1152.png 2048w\" sizes=\"(max-width: 2561px) 100vw, 2561px\" \/>\t\t\t\t\t\t\t\t\t\t\t\t\t<\/div>\n\t\t\t\t<\/div>\n\t\t\t\t\t<\/div>\n\t\t<\/div>\n\t\t\t\t<div class=\"elementor-column elementor-col-50 elementor-top-column elementor-element elementor-element-5e7f5619\" data-id=\"5e7f5619\" data-element_type=\"column\" data-settings=\"{&quot;background_background&quot;:&quot;classic&quot;}\">\n\t\t\t<div class=\"elementor-widget-wrap elementor-element-populated\">\n\t\t\t\t\t\t<section data-particle_enable=\"false\" data-particle-mobile-disabled=\"false\" class=\"elementor-section elementor-inner-section elementor-element elementor-element-19f0d512 elementor-section-boxed elementor-section-height-default elementor-section-height-default\" data-id=\"19f0d512\" data-element_type=\"section\">\n\t\t\t\t\t\t<div class=\"elementor-container elementor-column-gap-default\">\n\t\t\t\t\t<div class=\"elementor-column elementor-col-100 elementor-inner-column elementor-element elementor-element-c20696b\" data-id=\"c20696b\" data-element_type=\"column\">\n\t\t\t<div class=\"elementor-widget-wrap elementor-element-populated\">\n\t\t\t\t\t\t<div class=\"elementor-element elementor-element-c79fe50 elementor-widget elementor-widget-heading\" data-id=\"c79fe50\" data-element_type=\"widget\" data-widget_type=\"heading.default\">\n\t\t\t\t<div class=\"elementor-widget-container\">\n\t\t\t<style>\/*! elementor - v3.22.0 - 26-06-2024 *\/\n.elementor-heading-title{padding:0;margin:0;line-height:1}.elementor-widget-heading .elementor-heading-title[class*=elementor-size-]>a{color:inherit;font-size:inherit;line-height:inherit}.elementor-widget-heading .elementor-heading-title.elementor-size-small{font-size:15px}.elementor-widget-heading .elementor-heading-title.elementor-size-medium{font-size:19px}.elementor-widget-heading .elementor-heading-title.elementor-size-large{font-size:29px}.elementor-widget-heading .elementor-heading-title.elementor-size-xl{font-size:39px}.elementor-widget-heading .elementor-heading-title.elementor-size-xxl{font-size:59px}<\/style><h2 class=\"elementor-heading-title elementor-size-default\">Directivos<\/h2>\t\t<\/div>\n\t\t\t\t<\/div>\n\t\t\t\t<div class=\"elementor-element elementor-element-5b344dfc elementor-widget elementor-widget-text-editor\" data-id=\"5b344dfc\" data-element_type=\"widget\" data-widget_type=\"text-editor.default\">\n\t\t\t\t<div class=\"elementor-widget-container\">\n\t\t\t<style>\/*! elementor - v3.22.0 - 26-06-2024 *\/\n.elementor-widget-text-editor.elementor-drop-cap-view-stacked .elementor-drop-cap{background-color:#69727d;color:#fff}.elementor-widget-text-editor.elementor-drop-cap-view-framed .elementor-drop-cap{color:#69727d;border:3px solid;background-color:transparent}.elementor-widget-text-editor:not(.elementor-drop-cap-view-default) .elementor-drop-cap{margin-top:8px}.elementor-widget-text-editor:not(.elementor-drop-cap-view-default) .elementor-drop-cap-letter{width:1em;height:1em}.elementor-widget-text-editor .elementor-drop-cap{float:left;text-align:center;line-height:1;font-size:50px}.elementor-widget-text-editor .elementor-drop-cap-letter{display:inline-block}<\/style>\t\t\t\t<p class=\"text-justify\">Profesionales id\u00f3neos, comunicativos, mediadores, diligentes, flexibles, honestos, aut\u00f3nomos y sensibles. Con buenas relaciones interpersonales; responsables, competentes intelectualmente y maduros emocionalmente. Modelos en el pensar, comunicar y convivir, y en los principios y valores institucionales.<\/p>\t\t\t\t\t\t<\/div>\n\t\t\t\t<\/div>\n\t\t\t\t\t<\/div>\n\t\t<\/div>\n\t\t\t\t\t<\/div>\n\t\t<\/section>\n\t\t\t\t\t<\/div>\n\t\t<\/div>\n\t\t\t\t\t<\/div>\n\t\t<\/section>\n\t\t\t\t<section data-particle_enable=\"false\" data-particle-mobile-disabled=\"false\" class=\"elementor-section elementor-top-section elementor-element elementor-element-52c91e8c elementor-section-full_width elementor-section-content-middle elementor-section-height-default elementor-section-height-default\" data-id=\"52c91e8c\" data-element_type=\"section\" data-settings=\"{&quot;background_background&quot;:&quot;classic&quot;}\">\n\t\t\t\t\t\t\t<div class=\"elementor-background-overlay\"><\/div>\n\t\t\t\t\t\t\t<div class=\"elementor-container elementor-column-gap-default\">\n\t\t\t\t\t<div class=\"elementor-column elementor-col-100 elementor-top-column elementor-element elementor-element-367ad042\" data-id=\"367ad042\" data-element_type=\"column\">\n\t\t\t<div class=\"elementor-widget-wrap elementor-element-populated\">\n\t\t\t\t\t\t<section data-particle_enable=\"false\" data-particle-mobile-disabled=\"false\" class=\"elementor-section elementor-inner-section elementor-element elementor-element-6dadf519 elementor-section-full_width elementor-section-content-top elementor-section-height-default elementor-section-height-default\" data-id=\"6dadf519\" data-element_type=\"section\">\n\t\t\t\t\t\t<div class=\"elementor-container elementor-column-gap-wider\">\n\t\t\t\t\t<div class=\"elementor-column elementor-col-33 elementor-inner-column elementor-element elementor-element-dc80142\" data-id=\"dc80142\" data-element_type=\"column\">\n\t\t\t<div class=\"elementor-widget-wrap elementor-element-populated\">\n\t\t\t\t\t\t<div class=\"elementor-element elementor-element-6e51ae0 elementor-widget elementor-widget-heading\" data-id=\"6e51ae0\" data-element_type=\"widget\" data-widget_type=\"heading.default\">\n\t\t\t\t<div class=\"elementor-widget-container\">\n\t\t\t<h2 class=\"elementor-heading-title elementor-size-default\"><h2 class=\"elementor-heading-title elementor-size-default elementor-inline-editing pen\" data-elementor-setting-key=\"title\" id=\"ep-cc6499e\" data-pen-placeholder=\"Teclea aqu\u00ed...\" style=\"font-size: 3.14286rem; font-weight: 700; line-height: 1.3em; font-family: &quot;Fira Sans&quot;, sans-serif; text-align: center;\"><span style=\"font-size: 3.14286rem; font-style: inherit;\">Administrativos<\/span><br><\/h2><\/h2>\t\t<\/div>\n\t\t\t\t<\/div>\n\t\t\t\t<div class=\"elementor-element elementor-element-881420f elementor-widget elementor-widget-image\" data-id=\"881420f\" data-element_type=\"widget\" data-widget_type=\"image.default\">\n\t\t\t\t<div class=\"elementor-widget-container\">\n\t\t\t\t\t\t\t\t\t\t\t\t\t\t<a href=\"#\">\n\t\t\t\t\t\t\t<img decoding=\"async\" width=\"1024\" height=\"584\" src=\"https:\/\/colegionai.edu.co\/wp-content\/uploads\/2025\/02\/Equipo-Administrativo-01-1024x584.png\" class=\"attachment-large size-large wp-image-19670\" alt=\"\" srcset=\"https:\/\/colegionai.edu.co\/wp-content\/uploads\/2025\/02\/Equipo-Administrativo-01-1024x584.png 1024w, https:\/\/colegionai.edu.co\/wp-content\/uploads\/2025\/02\/Equipo-Administrativo-01-300x171.png 300w, https:\/\/colegionai.edu.co\/wp-content\/uploads\/2025\/02\/Equipo-Administrativo-01-768x438.png 768w, https:\/\/colegionai.edu.co\/wp-content\/uploads\/2025\/02\/Equipo-Administrativo-01-1536x876.png 1536w, https:\/\/colegionai.edu.co\/wp-content\/uploads\/2025\/02\/Equipo-Administrativo-01-2048x1168.png 2048w, https:\/\/colegionai.edu.co\/wp-content\/uploads\/2025\/02\/Equipo-Administrativo-01-600x342.png 600w\" sizes=\"(max-width: 1024px) 100vw, 1024px\" \/>\t\t\t\t\t\t\t\t<\/a>\n\t\t\t\t\t\t\t\t\t\t\t\t\t<\/div>\n\t\t\t\t<\/div>\n\t\t\t\t<div class=\"elementor-element elementor-element-52435b1 elementor-widget elementor-widget-text-editor\" data-id=\"52435b1\" data-element_type=\"widget\" data-widget_type=\"text-editor.default\">\n\t\t\t\t<div class=\"elementor-widget-container\">\n\t\t\t\t\t\t\t<p>Competentes en el manejo de relaciones interpersonales, y en su cargo. Sociables, activos, colaboradores, con sentido de pertenencia y solidarios. Responsables\u00a0 en el buen uso y manejo de los recursos e insumos de la instituci\u00f3n y dispuestos al servicio y ayuda mutua.\u00a0<\/p><p><span style=\"font-weight: 400;\">\u00a0<\/span><\/p>\t\t\t\t\t\t<\/div>\n\t\t\t\t<\/div>\n\t\t\t\t\t<\/div>\n\t\t<\/div>\n\t\t\t\t<div class=\"elementor-column elementor-col-33 elementor-inner-column elementor-element elementor-element-3b60682\" data-id=\"3b60682\" data-element_type=\"column\">\n\t\t\t<div class=\"elementor-widget-wrap elementor-element-populated\">\n\t\t\t\t\t\t<div class=\"elementor-element elementor-element-34dec11 elementor-widget elementor-widget-heading\" data-id=\"34dec11\" data-element_type=\"widget\" data-widget_type=\"heading.default\">\n\t\t\t\t<div class=\"elementor-widget-container\">\n\t\t\t<h2 class=\"elementor-heading-title elementor-size-default\"><h2 class=\"elementor-heading-title elementor-size-default elementor-inline-editing pen\" data-elementor-setting-key=\"title\" id=\"ep-cc6499e\" data-pen-placeholder=\"Teclea aqu\u00ed...\" style=\"font-size: 3.14286rem; font-weight: 700; line-height: 1.3em; font-family: &quot;Fira Sans&quot;, sans-serif; text-align: center;\"><span style=\"font-size: 3.14286rem;\">Docentes<\/span><i style=\"font-style: normal; font-size: 3.14286rem;\"><\/i><br><\/h2><\/h2>\t\t<\/div>\n\t\t\t\t<\/div>\n\t\t\t\t<div class=\"elementor-element elementor-element-08128b2 elementor-widget elementor-widget-image\" data-id=\"08128b2\" data-element_type=\"widget\" data-widget_type=\"image.default\">\n\t\t\t\t<div class=\"elementor-widget-container\">\n\t\t\t\t\t\t\t\t\t\t\t\t\t\t<a href=\"#\">\n\t\t\t\t\t\t\t<img loading=\"lazy\" decoding=\"async\" width=\"1024\" height=\"584\" src=\"https:\/\/colegionai.edu.co\/wp-content\/uploads\/2025\/02\/profes-01-1024x584.png\" class=\"attachment-large size-large wp-image-19674\" alt=\"\" srcset=\"https:\/\/colegionai.edu.co\/wp-content\/uploads\/2025\/02\/profes-01-1024x584.png 1024w, https:\/\/colegionai.edu.co\/wp-content\/uploads\/2025\/02\/profes-01-300x171.png 300w, https:\/\/colegionai.edu.co\/wp-content\/uploads\/2025\/02\/profes-01-768x438.png 768w, https:\/\/colegionai.edu.co\/wp-content\/uploads\/2025\/02\/profes-01-1536x876.png 1536w, https:\/\/colegionai.edu.co\/wp-content\/uploads\/2025\/02\/profes-01-2048x1168.png 2048w, https:\/\/colegionai.edu.co\/wp-content\/uploads\/2025\/02\/profes-01-600x342.png 600w\" sizes=\"(max-width: 1024px) 100vw, 1024px\" \/>\t\t\t\t\t\t\t\t<\/a>\n\t\t\t\t\t\t\t\t\t\t\t\t\t<\/div>\n\t\t\t\t<\/div>\n\t\t\t\t<div class=\"elementor-element elementor-element-93667c7 elementor-widget elementor-widget-text-editor\" data-id=\"93667c7\" data-element_type=\"widget\" data-widget_type=\"text-editor.default\">\n\t\t\t\t<div class=\"elementor-widget-container\">\n\t\t\t\t\t\t\t<p>Profesional abierto al aprendizaje, comprometido, responsable, cr\u00edtico, anal\u00edtico y proyectivo. L\u00edder respetuoso, aut\u00f3nomo, creativo, flexible y comunicativo. Con vocaci\u00f3n de servicio, exigente y ejemplar en la pr\u00e1ctica de valores y principios institucionales.<\/p>\t\t\t\t\t\t<\/div>\n\t\t\t\t<\/div>\n\t\t\t\t\t<\/div>\n\t\t<\/div>\n\t\t\t\t<div class=\"elementor-column elementor-col-33 elementor-inner-column elementor-element elementor-element-fe0822c\" data-id=\"fe0822c\" data-element_type=\"column\">\n\t\t\t<div class=\"elementor-widget-wrap elementor-element-populated\">\n\t\t\t\t\t\t<div class=\"elementor-element elementor-element-6d15313 elementor-widget elementor-widget-heading\" data-id=\"6d15313\" data-element_type=\"widget\" data-widget_type=\"heading.default\">\n\t\t\t\t<div class=\"elementor-widget-container\">\n\t\t\t<h2 class=\"elementor-heading-title elementor-size-default\"><h2 class=\"elementor-heading-title elementor-size-default elementor-inline-editing pen\" data-elementor-setting-key=\"title\" id=\"ep-cc6499e\" data-pen-placeholder=\"Teclea aqu\u00ed...\" style=\"font-size: 3.14286rem; font-style: normal; font-weight: 700; line-height: 1.3em; font-family: &quot;Fira Sans&quot;, sans-serif; text-align: center;\"><span style=\"font-size: 3.14286rem;\">Estudiantes<\/span><\/h2><\/h2>\t\t<\/div>\n\t\t\t\t<\/div>\n\t\t\t\t<div class=\"elementor-element elementor-element-7191ddc elementor-widget elementor-widget-image\" data-id=\"7191ddc\" data-element_type=\"widget\" data-widget_type=\"image.default\">\n\t\t\t\t<div class=\"elementor-widget-container\">\n\t\t\t\t\t\t\t\t\t\t\t\t\t\t<a href=\"#\">\n\t\t\t\t\t\t\t<img loading=\"lazy\" decoding=\"async\" width=\"1024\" height=\"575\" src=\"https:\/\/colegionai.edu.co\/wp-content\/uploads\/2022\/09\/DSC08546-1024x575.jpg\" class=\"attachment-large size-large wp-image-18058\" alt=\"\" srcset=\"https:\/\/colegionai.edu.co\/wp-content\/uploads\/2022\/09\/DSC08546-1024x575.jpg 1024w, https:\/\/colegionai.edu.co\/wp-content\/uploads\/2022\/09\/DSC08546-scaled-600x337.jpg 600w, https:\/\/colegionai.edu.co\/wp-content\/uploads\/2022\/09\/DSC08546-300x169.jpg 300w, https:\/\/colegionai.edu.co\/wp-content\/uploads\/2022\/09\/DSC08546-768x432.jpg 768w, https:\/\/colegionai.edu.co\/wp-content\/uploads\/2022\/09\/DSC08546-1536x863.jpg 1536w, https:\/\/colegionai.edu.co\/wp-content\/uploads\/2022\/09\/DSC08546-2048x1151.jpg 2048w\" sizes=\"(max-width: 1024px) 100vw, 1024px\" \/>\t\t\t\t\t\t\t\t<\/a>\n\t\t\t\t\t\t\t\t\t\t\t\t\t<\/div>\n\t\t\t\t<\/div>\n\t\t\t\t<div class=\"elementor-element elementor-element-164a561 elementor-widget elementor-widget-text-editor\" data-id=\"164a561\" data-element_type=\"widget\" data-widget_type=\"text-editor.default\">\n\t\t\t\t<div class=\"elementor-widget-container\">\n\t\t\t\t\t\t\t<p class=\"text-justify\">Sensibles al amor de Dios y con permanente inter\u00e9s en el conocimiento. Diestros en las habilidades comunicativas, con fundamentos en principios y valores que les permiten equilibrar y mejorar sus relaciones intrapersonales, interpersonales y con el entorno.\u00a0<\/p><p class=\"text-justify\"><span style=\"font-weight: 400;\">\u00a0<\/span><\/p><p class=\"text-justify\"><span style=\"font-weight: 400;\">\u00a0<\/span><\/p>\t\t\t\t\t\t<\/div>\n\t\t\t\t<\/div>\n\t\t\t\t\t<\/div>\n\t\t<\/div>\n\t\t\t\t\t<\/div>\n\t\t<\/section>\n\t\t\t\t<section data-particle_enable=\"false\" data-particle-mobile-disabled=\"false\" class=\"elementor-section elementor-inner-section elementor-element elementor-element-ea0b119 elementor-section-full_width elementor-section-content-middle elementor-section-height-default elementor-section-height-default\" data-id=\"ea0b119\" data-element_type=\"section\">\n\t\t\t\t\t\t<div class=\"elementor-container elementor-column-gap-wider\">\n\t\t\t\t\t<div class=\"elementor-column elementor-col-50 elementor-inner-column elementor-element elementor-element-d46f770\" data-id=\"d46f770\" data-element_type=\"column\" data-settings=\"{&quot;background_background&quot;:&quot;classic&quot;}\">\n\t\t\t<div class=\"elementor-widget-wrap elementor-element-populated\">\n\t\t\t\t\t\t<div class=\"elementor-element elementor-element-d38c55d elementor-position-left bdt-icon-effect-e bdt-motion-effect-yes bdt-icon-type-icon elementor-vertical-align-top elementor-widget elementor-widget-bdt-advanced-icon-box\" data-id=\"d38c55d\" data-element_type=\"widget\" data-widget_type=\"bdt-advanced-icon-box.default\">\n\t\t\t\t<div class=\"elementor-widget-container\">\n\t\t\t\t\t<div class=\"bdt-ep-advanced-icon-box\">\n\n\t\t\t\t\t\t\t\n\t\t\n\t\t\t\t\n\t\t\t<div class=\"bdt-ep-advanced-icon-box-content\">\n\n\t\t\t\t\t\t\t\t\t\n\t\t\t\t\t<h3 class=\"bdt-ep-advanced-icon-box-title\">\n\t\t\t\t<span >\n\t\t\t\t\tPadres de familia\t\t\t\t<\/span>\n\t\t\t<\/h3>\n\t\t\n\n\t\t\n\t\t\t\t\t\n\t\t\t\t\n\t\t\t\t\t\t\t\t\t<div class=\"bdt-ep-advanced-icon-box-description\">\n\t\t\t\t\t\t<h2 id=\"ep-cc6499e\" class=\"elementor-heading-title elementor-size-default elementor-inline-editing pen\" style=\"font-size: 3.14286rem; font-style: normal; font-weight: bold; margin-bottom: 0px; line-height: 1.3em; font-family: 'Fira Sans', sans-serif;\" data-elementor-setting-key=\"title\" data-pen-placeholder=\"Teclea aqu\u00ed...\"><span style=\"font-size: 3.14286rem; color: #ffffff;\">Padres de familia<\/span><\/h2>\n<span style=\"font-weight: 400; color: #ffffff;\"> Amorosos con su n\u00facleo familiar y\u00a0 responsables con sus compromisos econ\u00f3micos y formativos. Respetuosos, ense\u00f1an con el ejemplo; son veraces y\u00a0 accesibles; escuchan y expresan sus sentires e ideas con libertad; verifican informaci\u00f3n antes de juzgar. \u00a0 Reconocen fortalezas y debilidades propias, las de sus hijos y las del colegio, con el \u00e1nimo de mejorar.\t\t\t\t\t<\/div>\n\t\t\t\t\n\t\t\t\t\t\t\t<\/div>\n\t\t<\/div>\n\n\t\t\n\t\t\n\t\t<\/div>\n\t\t\t\t<\/div>\n\t\t\t\t\t<\/div>\n\t\t<\/div>\n\t\t\t\t<div class=\"elementor-column elementor-col-50 elementor-inner-column elementor-element elementor-element-2a59487\" data-id=\"2a59487\" data-element_type=\"column\" data-settings=\"{&quot;background_background&quot;:&quot;classic&quot;}\">\n\t\t\t<div class=\"elementor-widget-wrap elementor-element-populated\">\n\t\t\t\t\t\t<div class=\"elementor-element elementor-element-b35bc80 elementor-position-left bdt-icon-effect-e bdt-motion-effect-yes bdt-icon-type-icon elementor-vertical-align-top elementor-widget elementor-widget-bdt-advanced-icon-box\" data-id=\"b35bc80\" data-element_type=\"widget\" data-widget_type=\"bdt-advanced-icon-box.default\">\n\t\t\t\t<div class=\"elementor-widget-container\">\n\t\t\t\t\t<div class=\"bdt-ep-advanced-icon-box\">\n\n\t\t\t\t\t\t\t\n\t\t\n\t\t\t\t\n\t\t\t<div class=\"bdt-ep-advanced-icon-box-content\">\n\n\t\t\t\t\t\t\t\t\t\n\t\t\n\n\t\t\n\t\t\t\t\t\n\t\t\t\t\n\t\t\t\t\t\t\t\t\t<div class=\"bdt-ep-advanced-icon-box-description\">\n\t\t\t\t\t\t<h2 class=\"elementor-heading-title elementor-size-default elementor-inline-editing pen\" style=\"font-size: 3.14286rem; font-style: normal; font-weight: bold; margin-bottom: 0px; line-height: 1.3em; font-family: 'Fira Sans', sans-serif;\" data-elementor-setting-key=\"title\" data-pen-placeholder=\"Teclea aqu\u00ed...\"><span style=\"font-size: 3.14286rem; color: #ffffff;\">Servicios generales<\/span><\/h2>\n<span style=\"font-weight: 400; color: #ffffff;\">Personas amables, responsables con su compromiso de aseo y embellecimiento de la planta f\u00edsica, respetuosos, ense\u00f1an con el ejemplo, veraces, reconocen fortalezas y debilidades propias, comprenden a los estudiantes, comunicativos, pacientes, atienden, protegen y proveen implementos a los usuarios para mantener un ambiente aseado y saludable.<\/span>\t\t\t\t\t<\/div>\n\t\t\t\t\n\t\t\t\t\t\t\t<\/div>\n\t\t<\/div>\n\n\t\t\n\t\t\n\t\t<\/div>\n\t\t\t\t<\/div>\n\t\t\t\t\t<\/div>\n\t\t<\/div>\n\t\t\t\t\t<\/div>\n\t\t<\/section>\n\t\t\t\t\t<\/div>\n\t\t<\/div>\n\t\t\t\t\t<\/div>\n\t\t<\/section>\n\t\t\t\t<\/div>\n\t\t","protected":false},"excerpt":{"rendered":"<p>Directivos Profesionales id\u00f3neos, comunicativos, mediadores, diligentes, flexibles, honestos, aut\u00f3nomos y sensibles. Con buenas relaciones interpersonales; responsables, competentes intelectualmente y maduros emocionalmente. Modelos en el pensar, comunicar y convivir, y en los principios y valores institucionales. Administrativos Competentes en el manejo de relaciones interpersonales, y en su cargo. Sociables, activos, colaboradores, con sentido de pertenencia y &hellip;<\/p>\n<p class=\"read-more\"> <a class=\"\" href=\"https:\/\/colegionai.edu.co\/index.php\/perfil\/\"> <span class=\"screen-reader-text\">Perfil Aliancista<\/span> Read More &raquo;<\/a><\/p>\n","protected":false},"author":1,"featured_media":0,"parent":0,"menu_order":0,"comment_status":"closed","ping_status":"closed","template":"","meta":{"om_disable_all_campaigns":false,"_monsterinsights_skip_tracking":false,"_monsterinsights_sitenote_active":false,"_monsterinsights_sitenote_note":"","_monsterinsights_sitenote_category":0,"site-sidebar-layout":"no-sidebar","site-content-layout":"page-builder","ast-global-header-display":"","ast-main-header-display":"","ast-hfb-above-header-display":"","ast-hfb-below-header-display":"","ast-hfb-mobile-header-display":"","site-post-title":"disabled","ast-breadcrumbs-content":"","ast-featured-img":"disabled","footer-sml-layout":"","theme-transparent-header-meta":"","adv-header-id-meta":"","stick-header-meta":"","header-above-stick-meta":"","header-main-stick-meta":"","header-below-stick-meta":"","footnotes":""},"aioseo_notices":[],"_links":{"self":[{"href":"https:\/\/colegionai.edu.co\/index.php\/wp-json\/wp\/v2\/pages\/18001"}],"collection":[{"href":"https:\/\/colegionai.edu.co\/index.php\/wp-json\/wp\/v2\/pages"}],"about":[{"href":"https:\/\/colegionai.edu.co\/index.php\/wp-json\/wp\/v2\/types\/page"}],"author":[{"embeddable":true,"href":"https:\/\/colegionai.edu.co\/index.php\/wp-json\/wp\/v2\/users\/1"}],"replies":[{"embeddable":true,"href":"https:\/\/colegionai.edu.co\/index.php\/wp-json\/wp\/v2\/comments?post=18001"}],"version-history":[{"count":17,"href":"https:\/\/colegionai.edu.co\/index.php\/wp-json\/wp\/v2\/pages\/18001\/revisions"}],"predecessor-version":[{"id":19677,"href":"https:\/\/colegionai.edu.co\/index.php\/wp-json\/wp\/v2\/pages\/18001\/revisions\/19677"}],"wp:attachment":[{"href":"https:\/\/colegionai.edu.co\/index.php\/wp-json\/wp\/v2\/media?parent=18001"}],"curies":[{"name":"wp","href":"https:\/\/api.w.org\/{rel}","templated":true}]}}