{"id":17483,"date":"2022-06-14T18:50:56","date_gmt":"2022-06-14T18:50:56","guid":{"rendered":"https:\/\/colegionai.edu.co\/?page_id=17483"},"modified":"2022-07-29T19:52:46","modified_gmt":"2022-07-29T19:52:46","slug":"cocodrilos","status":"publish","type":"page","link":"https:\/\/colegionai.edu.co\/index.php\/cocodrilos\/","title":{"rendered":"Cocodrilos"},"content":{"rendered":"\t\t<div data-elementor-type=\"wp-page\" data-elementor-id=\"17483\" class=\"elementor elementor-17483\" data-elementor-post-type=\"page\">\n\t\t\t\t\t\t<section data-particle_enable=\"false\" data-particle-mobile-disabled=\"false\" class=\"elementor-section elementor-top-section elementor-element elementor-element-50f2781 elementor-section-full_width elementor-section-height-default elementor-section-height-default\" data-id=\"50f2781\" data-element_type=\"section\">\n\t\t\t\t\t\t<div class=\"elementor-container elementor-column-gap-no\">\n\t\t\t\t\t<div class=\"elementor-column elementor-col-100 elementor-top-column elementor-element elementor-element-0bf44b5\" data-id=\"0bf44b5\" data-element_type=\"column\">\n\t\t\t<div class=\"elementor-widget-wrap elementor-element-populated\">\n\t\t\t\t\t\t<div class=\"elementor-element elementor-element-0d57372 elementor-widget elementor-widget-image\" data-id=\"0d57372\" data-element_type=\"widget\" data-widget_type=\"image.default\">\n\t\t\t\t<div class=\"elementor-widget-container\">\n\t\t\t<style>\/*! elementor - v3.22.0 - 26-06-2024 *\/\n.elementor-widget-image{text-align:center}.elementor-widget-image a{display:inline-block}.elementor-widget-image a img[src$=\".svg\"]{width:48px}.elementor-widget-image img{vertical-align:middle;display:inline-block}<\/style>\t\t\t\t\t\t\t\t\t\t<img fetchpriority=\"high\" decoding=\"async\" width=\"1912\" height=\"481\" src=\"https:\/\/colegionai.edu.co\/wp-content\/uploads\/2022\/07\/cocodrilos-01.png\" class=\"attachment-full size-full wp-image-17958\" alt=\"\" srcset=\"https:\/\/colegionai.edu.co\/wp-content\/uploads\/2022\/07\/cocodrilos-01.png 1912w, https:\/\/colegionai.edu.co\/wp-content\/uploads\/2022\/07\/cocodrilos-01-600x151.png 600w, https:\/\/colegionai.edu.co\/wp-content\/uploads\/2022\/07\/cocodrilos-01-300x75.png 300w, https:\/\/colegionai.edu.co\/wp-content\/uploads\/2022\/07\/cocodrilos-01-1024x258.png 1024w, https:\/\/colegionai.edu.co\/wp-content\/uploads\/2022\/07\/cocodrilos-01-768x193.png 768w, https:\/\/colegionai.edu.co\/wp-content\/uploads\/2022\/07\/cocodrilos-01-1536x386.png 1536w\" sizes=\"(max-width: 1912px) 100vw, 1912px\" \/>\t\t\t\t\t\t\t\t\t\t\t\t\t<\/div>\n\t\t\t\t<\/div>\n\t\t\t\t\t<\/div>\n\t\t<\/div>\n\t\t\t\t\t<\/div>\n\t\t<\/section>\n\t\t\t\t<section data-particle_enable=\"false\" data-particle-mobile-disabled=\"false\" class=\"elementor-section elementor-top-section elementor-element elementor-element-8814055 elementor-section-full_width elementor-section-height-default elementor-section-height-default\" data-id=\"8814055\" data-element_type=\"section\">\n\t\t\t\t\t\t<div class=\"elementor-container elementor-column-gap-default\">\n\t\t\t\t\t<div class=\"elementor-column elementor-col-100 elementor-top-column elementor-element elementor-element-6f678f4\" data-id=\"6f678f4\" data-element_type=\"column\">\n\t\t\t<div class=\"elementor-widget-wrap elementor-element-populated\">\n\t\t\t\t\t\t<div class=\"elementor-element elementor-element-a0facd3 elementor-widget elementor-widget-heading\" data-id=\"a0facd3\" data-element_type=\"widget\" data-widget_type=\"heading.default\">\n\t\t\t\t<div class=\"elementor-widget-container\">\n\t\t\t<style>\/*! elementor - v3.22.0 - 26-06-2024 *\/\n.elementor-heading-title{padding:0;margin:0;line-height:1}.elementor-widget-heading .elementor-heading-title[class*=elementor-size-]>a{color:inherit;font-size:inherit;line-height:inherit}.elementor-widget-heading .elementor-heading-title.elementor-size-small{font-size:15px}.elementor-widget-heading .elementor-heading-title.elementor-size-medium{font-size:19px}.elementor-widget-heading .elementor-heading-title.elementor-size-large{font-size:29px}.elementor-widget-heading .elementor-heading-title.elementor-size-xl{font-size:39px}.elementor-widget-heading .elementor-heading-title.elementor-size-xxl{font-size:59px}<\/style><h2 class=\"elementor-heading-title elementor-size-default\"><span style=\"font-family: Comfortaa, sans-serif; font-size: 60px;\">Cocodrilos Basketball Club<\/span><\/h2>\t\t<\/div>\n\t\t\t\t<\/div>\n\t\t\t\t<section data-particle_enable=\"false\" data-particle-mobile-disabled=\"false\" class=\"elementor-section elementor-inner-section elementor-element elementor-element-f14de2e elementor-section-full_width elementor-section-content-middle elementor-section-height-default elementor-section-height-default\" data-id=\"f14de2e\" data-element_type=\"section\">\n\t\t\t\t\t\t<div class=\"elementor-container elementor-column-gap-default\">\n\t\t\t\t\t<div class=\"elementor-column elementor-col-50 elementor-inner-column elementor-element elementor-element-4fc04b7\" data-id=\"4fc04b7\" data-element_type=\"column\">\n\t\t\t<div class=\"elementor-widget-wrap elementor-element-populated\">\n\t\t\t\t\t\t<div class=\"elementor-element elementor-element-cb6d5ec elementor-widget elementor-widget-text-editor\" data-id=\"cb6d5ec\" data-element_type=\"widget\" data-widget_type=\"text-editor.default\">\n\t\t\t\t<div class=\"elementor-widget-container\">\n\t\t\t<style>\/*! elementor - v3.22.0 - 26-06-2024 *\/\n.elementor-widget-text-editor.elementor-drop-cap-view-stacked .elementor-drop-cap{background-color:#69727d;color:#fff}.elementor-widget-text-editor.elementor-drop-cap-view-framed .elementor-drop-cap{color:#69727d;border:3px solid;background-color:transparent}.elementor-widget-text-editor:not(.elementor-drop-cap-view-default) .elementor-drop-cap{margin-top:8px}.elementor-widget-text-editor:not(.elementor-drop-cap-view-default) .elementor-drop-cap-letter{width:1em;height:1em}.elementor-widget-text-editor .elementor-drop-cap{float:left;text-align:center;line-height:1;font-size:50px}.elementor-widget-text-editor .elementor-drop-cap-letter{display:inline-block}<\/style>\t\t\t\t<p>El Colegio Nueva Alianza Integral en alianza con Cocodrilos Basketball Club desde el a\u00f1o 2011 se propone contribuir con el desarrollo de la educaci\u00f3n familiar, escolar y extraescolar de la ni\u00f1ez y la juventud como parte importante de su formaci\u00f3n integral. Buscamos fomentar la formaci\u00f3n deportiva, la recreaci\u00f3n y el buen uso del tiempo libre mediante el trabajo en equipo dentro de la disciplina del baloncesto.<\/p><p>Este juego permite desarrollar la velocidad, resistencia y mejorar su coordinaci\u00f3n de movimientos, fomenta el trabajo en equipo, el compa\u00f1erismo, la solidaridad, entre los practicantes. Entre otros beneficios el baloncesto ayuda al desarrollo de la concentraci\u00f3n, la rapidez, el autocontrol, la confianza y el equilibrio. Fortalece los m\u00fasculos de todo el cuerpo y en especial los de los brazos y las piernas. Fomenta el desarrollo del aparato locomotor. Aumenta la resistencia f\u00edsica. Contribuye a quemar grandes cantidades de calor\u00edas. Es el deporte que m\u00e1s favorece el crecimiento.<\/p><p>Durante estos a\u00f1os hemos obtenido logros muy importantes como lo son:<\/p><p><a class=\"fa fa-play\">\u00a0\u00a0\u00a0\u00a0<\/a>Segundo mejor equipo de la COPA SUP\u00c9RATE Intercolegiados 2018 en Bogot\u00e1.<br \/><a class=\"fa fa-play\">\u00a0\u00a0\u00a0\u00a0<\/a>Campamentos de verano en los Estados Unidos con el equipo NBA, Miami Heat.<br \/><a class=\"fa fa-play\">\u00a0\u00a0\u00a0\u00a0<\/a>Diferentes encuentros deportivos (Amistosos, campeonatos dentro y fuera de la ciudad).<br \/><a class=\"fa fa-play\">\u00a0\u00a0\u00a0\u00a0<\/a>Deportistas convocados a la selecci\u00f3n Bogot\u00e1 en diferentes categor\u00edas.<\/p>\t\t\t\t\t\t<\/div>\n\t\t\t\t<\/div>\n\t\t\t\t\t<\/div>\n\t\t<\/div>\n\t\t\t\t<div class=\"elementor-column elementor-col-50 elementor-inner-column elementor-element elementor-element-cdd4bed\" data-id=\"cdd4bed\" data-element_type=\"column\">\n\t\t\t<div class=\"elementor-widget-wrap elementor-element-populated\">\n\t\t\t\t\t\t<div class=\"elementor-element elementor-element-2d13c86 elementor-widget elementor-widget-video\" data-id=\"2d13c86\" data-element_type=\"widget\" data-settings=\"{&quot;youtube_url&quot;:&quot;https:\\\/\\\/www.youtube.com\\\/watch?v=lmV7AvPwORY&quot;,&quot;video_type&quot;:&quot;youtube&quot;,&quot;controls&quot;:&quot;yes&quot;}\" data-widget_type=\"video.default\">\n\t\t\t\t<div class=\"elementor-widget-container\">\n\t\t\t<style>\/*! elementor - v3.22.0 - 26-06-2024 *\/\n.elementor-widget-video .elementor-widget-container{overflow:hidden;transform:translateZ(0)}.elementor-widget-video .elementor-wrapper{aspect-ratio:var(--video-aspect-ratio)}.elementor-widget-video .elementor-wrapper iframe,.elementor-widget-video .elementor-wrapper video{height:100%;width:100%;display:flex;border:none;background-color:#000}@supports not (aspect-ratio:1\/1){.elementor-widget-video .elementor-wrapper{position:relative;overflow:hidden;height:0;padding-bottom:calc(100% \/ var(--video-aspect-ratio))}.elementor-widget-video .elementor-wrapper iframe,.elementor-widget-video .elementor-wrapper video{position:absolute;top:0;right:0;bottom:0;left:0}}.elementor-widget-video .elementor-open-inline .elementor-custom-embed-image-overlay{position:absolute;top:0;right:0;bottom:0;left:0;background-size:cover;background-position:50%}.elementor-widget-video .elementor-custom-embed-image-overlay{cursor:pointer;text-align:center}.elementor-widget-video .elementor-custom-embed-image-overlay:hover .elementor-custom-embed-play i{opacity:1}.elementor-widget-video .elementor-custom-embed-image-overlay img{display:block;width:100%;aspect-ratio:var(--video-aspect-ratio);-o-object-fit:cover;object-fit:cover;-o-object-position:center center;object-position:center center}@supports not (aspect-ratio:1\/1){.elementor-widget-video .elementor-custom-embed-image-overlay{position:relative;overflow:hidden;height:0;padding-bottom:calc(100% \/ var(--video-aspect-ratio))}.elementor-widget-video .elementor-custom-embed-image-overlay img{position:absolute;top:0;right:0;bottom:0;left:0}}.elementor-widget-video .e-hosted-video .elementor-video{-o-object-fit:cover;object-fit:cover}.e-con-inner>.elementor-widget-video,.e-con>.elementor-widget-video{width:var(--container-widget-width);--flex-grow:var(--container-widget-flex-grow)}<\/style>\t\t<div class=\"elementor-wrapper elementor-open-inline\">\n\t\t\t<div class=\"elementor-video\"><\/div>\t\t<\/div>\n\t\t\t\t<\/div>\n\t\t\t\t<\/div>\n\t\t\t\t\t<\/div>\n\t\t<\/div>\n\t\t\t\t\t<\/div>\n\t\t<\/section>\n\t\t\t\t\t<\/div>\n\t\t<\/div>\n\t\t\t\t\t<\/div>\n\t\t<\/section>\n\t\t\t\t<\/div>\n\t\t","protected":false},"excerpt":{"rendered":"<p>Cocodrilos Basketball Club El Colegio Nueva Alianza Integral en alianza con Cocodrilos Basketball Club desde el a\u00f1o 2011 se propone contribuir con el desarrollo de la educaci\u00f3n familiar, escolar y extraescolar de la ni\u00f1ez y la juventud como parte importante de su formaci\u00f3n integral. Buscamos fomentar la formaci\u00f3n deportiva, la recreaci\u00f3n y el buen uso &hellip;<\/p>\n<p class=\"read-more\"> <a class=\"\" href=\"https:\/\/colegionai.edu.co\/index.php\/cocodrilos\/\"> <span class=\"screen-reader-text\">Cocodrilos<\/span> Read More &raquo;<\/a><\/p>\n","protected":false},"author":1,"featured_media":0,"parent":0,"menu_order":0,"comment_status":"closed","ping_status":"closed","template":"","meta":{"om_disable_all_campaigns":false,"_monsterinsights_skip_tracking":false,"_monsterinsights_sitenote_active":false,"_monsterinsights_sitenote_note":"","_monsterinsights_sitenote_category":0,"site-sidebar-layout":"no-sidebar","site-content-layout":"page-builder","ast-global-header-display":"","ast-main-header-display":"","ast-hfb-above-header-display":"","ast-hfb-below-header-display":"","ast-hfb-mobile-header-display":"","site-post-title":"disabled","ast-breadcrumbs-content":"","ast-featured-img":"disabled","footer-sml-layout":"","theme-transparent-header-meta":"","adv-header-id-meta":"","stick-header-meta":"","header-above-stick-meta":"","header-main-stick-meta":"","header-below-stick-meta":"","footnotes":""},"aioseo_notices":[],"_links":{"self":[{"href":"https:\/\/colegionai.edu.co\/index.php\/wp-json\/wp\/v2\/pages\/17483"}],"collection":[{"href":"https:\/\/colegionai.edu.co\/index.php\/wp-json\/wp\/v2\/pages"}],"about":[{"href":"https:\/\/colegionai.edu.co\/index.php\/wp-json\/wp\/v2\/types\/page"}],"author":[{"embeddable":true,"href":"https:\/\/colegionai.edu.co\/index.php\/wp-json\/wp\/v2\/users\/1"}],"replies":[{"embeddable":true,"href":"https:\/\/colegionai.edu.co\/index.php\/wp-json\/wp\/v2\/comments?post=17483"}],"version-history":[{"count":12,"href":"https:\/\/colegionai.edu.co\/index.php\/wp-json\/wp\/v2\/pages\/17483\/revisions"}],"predecessor-version":[{"id":17965,"href":"https:\/\/colegionai.edu.co\/index.php\/wp-json\/wp\/v2\/pages\/17483\/revisions\/17965"}],"wp:attachment":[{"href":"https:\/\/colegionai.edu.co\/index.php\/wp-json\/wp\/v2\/media?parent=17483"}],"curies":[{"name":"wp","href":"https:\/\/api.w.org\/{rel}","templated":true}]}}