{"id":17348,"date":"2022-06-06T02:34:27","date_gmt":"2022-06-06T02:34:27","guid":{"rendered":"https:\/\/colegionai.edu.co\/?page_id=17348"},"modified":"2023-02-22T20:22:42","modified_gmt":"2023-02-22T20:22:42","slug":"objetivos","status":"publish","type":"page","link":"https:\/\/colegionai.edu.co\/index.php\/objetivos\/","title":{"rendered":"Objetivos"},"content":{"rendered":"\t\t<div data-elementor-type=\"wp-page\" data-elementor-id=\"17348\" class=\"elementor elementor-17348\" data-elementor-post-type=\"page\">\n\t\t\t\t\t\t<section data-particle_enable=\"false\" data-particle-mobile-disabled=\"false\" class=\"elementor-section elementor-top-section elementor-element elementor-element-621cf5e elementor-section-full_width elementor-section-height-default elementor-section-height-default\" data-id=\"621cf5e\" data-element_type=\"section\">\n\t\t\t\t\t\t<div class=\"elementor-container elementor-column-gap-no\">\n\t\t\t\t\t<div class=\"elementor-column elementor-col-100 elementor-top-column elementor-element elementor-element-5156c4f\" data-id=\"5156c4f\" data-element_type=\"column\">\n\t\t\t<div class=\"elementor-widget-wrap elementor-element-populated\">\n\t\t\t\t\t\t<div class=\"elementor-element elementor-element-1aca4ea elementor-widget elementor-widget-image\" data-id=\"1aca4ea\" data-element_type=\"widget\" data-widget_type=\"image.default\">\n\t\t\t\t<div class=\"elementor-widget-container\">\n\t\t\t<style>\/*! elementor - v3.22.0 - 26-06-2024 *\/\n.elementor-widget-image{text-align:center}.elementor-widget-image a{display:inline-block}.elementor-widget-image a img[src$=\".svg\"]{width:48px}.elementor-widget-image img{vertical-align:middle;display:inline-block}<\/style>\t\t\t\t\t\t\t\t\t\t<img fetchpriority=\"high\" decoding=\"async\" width=\"1912\" height=\"481\" src=\"https:\/\/colegionai.edu.co\/wp-content\/uploads\/2022\/06\/Objetivos1.png\" class=\"attachment-full size-full wp-image-17351\" alt=\"\" srcset=\"https:\/\/colegionai.edu.co\/wp-content\/uploads\/2022\/06\/Objetivos1.png 1912w, https:\/\/colegionai.edu.co\/wp-content\/uploads\/2022\/06\/Objetivos1-600x151.png 600w, https:\/\/colegionai.edu.co\/wp-content\/uploads\/2022\/06\/Objetivos1-300x75.png 300w, https:\/\/colegionai.edu.co\/wp-content\/uploads\/2022\/06\/Objetivos1-1024x258.png 1024w, https:\/\/colegionai.edu.co\/wp-content\/uploads\/2022\/06\/Objetivos1-768x193.png 768w, https:\/\/colegionai.edu.co\/wp-content\/uploads\/2022\/06\/Objetivos1-1536x386.png 1536w\" sizes=\"(max-width: 1912px) 100vw, 1912px\" \/>\t\t\t\t\t\t\t\t\t\t\t\t\t<\/div>\n\t\t\t\t<\/div>\n\t\t\t\t\t<\/div>\n\t\t<\/div>\n\t\t\t\t\t<\/div>\n\t\t<\/section>\n\t\t\t\t<section data-particle_enable=\"false\" data-particle-mobile-disabled=\"false\" class=\"elementor-section elementor-top-section elementor-element elementor-element-8879b7d elementor-section-boxed elementor-section-height-default elementor-section-height-default\" data-id=\"8879b7d\" data-element_type=\"section\">\n\t\t\t\t\t\t<div class=\"elementor-container elementor-column-gap-default\">\n\t\t\t\t\t<div class=\"elementor-column elementor-col-100 elementor-top-column elementor-element elementor-element-2ee2d6b\" data-id=\"2ee2d6b\" data-element_type=\"column\">\n\t\t\t<div class=\"elementor-widget-wrap elementor-element-populated\">\n\t\t\t\t\t\t<div class=\"elementor-element elementor-element-b7fe160 elementor-widget elementor-widget-bdt-tabs\" data-id=\"b7fe160\" data-element_type=\"widget\" data-widget_type=\"bdt-tabs.default\">\n\t\t\t\t<div class=\"elementor-widget-container\">\n\t\t\t\n        <div class=\"bdt-tabs-area\">\n\n            <div id=\"bdt-tabs-b7fe160-1068\" class=\"bdt-tabs  bdt-tabs-left\" data-settings=\"{&quot;id&quot;:&quot;bdt-tabs-b7fe160-1068&quot;,&quot;activeHash&quot;:&quot;no&quot;,&quot;hashTopOffset&quot;:70,&quot;hashScrollspyTime&quot;:1500,&quot;navStickyOffset&quot;:1,&quot;linkWidgetId&quot;:&quot;b7fe160-1068&quot;}\">\n                <div class=\"bdt-grid-collapse\"  bdt-grid>\n                \n                        <div class=\"bdt-tab-wrapper bdt-width-auto@m \">\n            <div >\n                <div class=\"bdt-tab bdt-tab-left  \" data-bdt-tab=\"connect: #bdt-tab-content-b7fe160-1068; media: 960;\" data-bdt-height-match=\"target: &gt; .bdt-tabs-item &gt; .bdt-tabs-item-title; row: false;\">\n                                            <div class=\"bdt-tabs-item\">\n                            <a data-title=\"Matem\u00e1ticas\" class=\"bdt-tabs-item-title\" id=\"bdt-tab-Matem\u00e1ticas\" data-tab-index=\"0\" href=\"#\">\n                                <div class=\"bdt-tab-text-wrapper bdt-flex-column\">\n\n                                    <div class=\"bdt-tab-title-icon-wrapper\">\n\n                                        \n                                                                                    <span class=\"bdt-tab-text\">\n                                                Matem\u00e1ticas                                            <\/span>\n                                        \n                                        \n                                    <\/div>\n\n                                    \n                                <\/div>\n                            <\/a>\n                        <\/div>\n                                            <div class=\"bdt-tabs-item\">\n                            <a data-title=\"Ciencias\" class=\"bdt-tabs-item-title\" id=\"bdt-tab-Ciencias\" data-tab-index=\"1\" href=\"#\">\n                                <div class=\"bdt-tab-text-wrapper bdt-flex-column\">\n\n                                    <div class=\"bdt-tab-title-icon-wrapper\">\n\n                                        \n                                                                                    <span class=\"bdt-tab-text\">\n                                                Ciencias                                            <\/span>\n                                        \n                                        \n                                    <\/div>\n\n                                    \n                                <\/div>\n                            <\/a>\n                        <\/div>\n                                            <div class=\"bdt-tabs-item\">\n                            <a data-title=\"Sociales\" class=\"bdt-tabs-item-title\" id=\"bdt-tab-Sociales\" data-tab-index=\"2\" href=\"#\">\n                                <div class=\"bdt-tab-text-wrapper bdt-flex-column\">\n\n                                    <div class=\"bdt-tab-title-icon-wrapper\">\n\n                                        \n                                                                                    <span class=\"bdt-tab-text\">\n                                                Sociales                                            <\/span>\n                                        \n                                        \n                                    <\/div>\n\n                                    \n                                <\/div>\n                            <\/a>\n                        <\/div>\n                                            <div class=\"bdt-tabs-item\">\n                            <a data-title=\"Lenguaje\" class=\"bdt-tabs-item-title\" id=\"bdt-tab-Lenguaje\" data-tab-index=\"3\" href=\"#\">\n                                <div class=\"bdt-tab-text-wrapper bdt-flex-column\">\n\n                                    <div class=\"bdt-tab-title-icon-wrapper\">\n\n                                        \n                                                                                    <span class=\"bdt-tab-text\">\n                                                Lenguaje                                            <\/span>\n                                        \n                                        \n                                    <\/div>\n\n                                    \n                                <\/div>\n                            <\/a>\n                        <\/div>\n                                            <div class=\"bdt-tabs-item\">\n                            <a data-title=\"Ingl\u00e9s\" class=\"bdt-tabs-item-title\" id=\"bdt-tab-Ingl\u00e9s\" data-tab-index=\"4\" href=\"#\">\n                                <div class=\"bdt-tab-text-wrapper bdt-flex-column\">\n\n                                    <div class=\"bdt-tab-title-icon-wrapper\">\n\n                                        \n                                                                                    <span class=\"bdt-tab-text\">\n                                                Ingl\u00e9s                                            <\/span>\n                                        \n                                        \n                                    <\/div>\n\n                                    \n                                <\/div>\n                            <\/a>\n                        <\/div>\n                                            <div class=\"bdt-tabs-item\">\n                            <a data-title=\"Felicidad\" class=\"bdt-tabs-item-title\" id=\"bdt-tab-Felicidad\" data-tab-index=\"5\" href=\"#\">\n                                <div class=\"bdt-tab-text-wrapper bdt-flex-column\">\n\n                                    <div class=\"bdt-tab-title-icon-wrapper\">\n\n                                        \n                                                                                    <span class=\"bdt-tab-text\">\n                                                Felicidad                                            <\/span>\n                                        \n                                        \n                                    <\/div>\n\n                                    \n                                <\/div>\n                            <\/a>\n                        <\/div>\n                                            <div class=\"bdt-tabs-item\">\n                            <a data-title=\"Programaci\u00f3n\" class=\"bdt-tabs-item-title\" id=\"bdt-tab-Programaci\u00f3n\" data-tab-index=\"6\" href=\"#\">\n                                <div class=\"bdt-tab-text-wrapper bdt-flex-column\">\n\n                                    <div class=\"bdt-tab-title-icon-wrapper\">\n\n                                        \n                                                                                    <span class=\"bdt-tab-text\">\n                                                Programaci\u00f3n                                            <\/span>\n                                        \n                                        \n                                    <\/div>\n\n                                    \n                                <\/div>\n                            <\/a>\n                        <\/div>\n                                            <div class=\"bdt-tabs-item\">\n                            <a data-title=\"M\u00fasica\" class=\"bdt-tabs-item-title\" id=\"bdt-tab-M\u00fasica\" data-tab-index=\"7\" href=\"#\">\n                                <div class=\"bdt-tab-text-wrapper bdt-flex-column\">\n\n                                    <div class=\"bdt-tab-title-icon-wrapper\">\n\n                                        \n                                                                                    <span class=\"bdt-tab-text\">\n                                                M\u00fasica                                            <\/span>\n                                        \n                                        \n                                    <\/div>\n\n                                    \n                                <\/div>\n                            <\/a>\n                        <\/div>\n                                            <div class=\"bdt-tabs-item\">\n                            <a data-title=\"Educaci\u00f3n-F\u00edsica\" class=\"bdt-tabs-item-title\" id=\"bdt-tab-Educaci\u00f3n-F\u00edsica\" data-tab-index=\"8\" href=\"#\">\n                                <div class=\"bdt-tab-text-wrapper bdt-flex-column\">\n\n                                    <div class=\"bdt-tab-title-icon-wrapper\">\n\n                                        \n                                                                                    <span class=\"bdt-tab-text\">\n                                                Educaci\u00f3n F\u00edsica                                            <\/span>\n                                        \n                                        \n                                    <\/div>\n\n                                    \n                                <\/div>\n                            <\/a>\n                        <\/div>\n                                    <\/div>\n            <\/div>\n        <\/div>\n\n\n                                    \n        <div class=\"bdt-switcher-wrapper bdt-width-expand@m\">\n            <div id=\"bdt-tab-content-b7fe160-1068\" class=\"bdt-switcher bdt-switcher-item-content\">\n                                                        <div class=\"bdt-tab-content-item \" data-content-id=\"matem-ticas\">\n                        <div>\n                            <p>El \u00e1rea de Matem\u00e1ticas desarrolla y fortalece los tipos de pensamiento l\u00f3gico, num\u00e9rico, espacial, m\u00e9trico y variacional, por medio de los procesos de planteamiento y resoluci\u00f3n de problemas, razonamiento, comunicaci\u00f3n y de la modelaci\u00f3n, elaboraci\u00f3n, comparaci\u00f3n y ejercitaci\u00f3n de procedimientos; con la finalidad de aplicar sus conocimientos para entender, interpretar y explicar las particularidades matem\u00e1ticas que intervienen en determinadas situaciones y problemas de su entorno y transformarlos dependiendo de la necesidad.<\/p>                        <\/div>\n                    <\/div>\n                                                        <div class=\"bdt-tab-content-item \" data-content-id=\"ciencias\">\n                        <div>\n                            <p>El \u00e1rea de Ciencias Naturales del Colegio Nueva Alianza forma actitudes cient\u00edficas de la mano del conocimiento disciplinar en los estudiantes, por medio de la observaci\u00f3n, experimentaci\u00f3n, an\u00e1lisis e interpretaci\u00f3n de diversos fen\u00f3menos para el desarrollo del aprendizaje, donde se integran los aspectos: biol\u00f3gicos, ecol\u00f3gicos, f\u00edsicos, qu\u00edmicos y socioculturales, en la construcci\u00f3n de valores que le permitan asumir posturas hacia la conservaci\u00f3n de los recursos naturales y la soluci\u00f3n de problemas ambientales.<\/p>                        <\/div>\n                    <\/div>\n                                                        <div class=\"bdt-tab-content-item \" data-content-id=\"sociales\">\n                        <div>\n                            <p>El \u00e1rea de Ciencias Sociales busca orientar a los estudiantes aliancistas hacia el an\u00e1lisis reflexivo de la sociedad, reconoci\u00e9ndose como actores que inciden en su entorno de manera propositiva y transformadora, a trav\u00e9s del pensamiento y la comunicaci\u00f3n, promoviendo &#8220;actitudes democr\u00e1ticas, solidarias, responsables, justas y \u00e9ticas&#8221;. Promueve el pensamiento cr\u00edtico y la participaci\u00f3n pol\u00edtica responsable de los estudiantes, a trav\u00e9s de la generaci\u00f3n de espacios acad\u00e9micos y de la gesti\u00f3n de proyectos que inviten a los estudiantes a sentirse parte activa de las problem\u00e1ticas locales, regionales y nacionales que fomentan el compromiso con la transformaci\u00f3n social.<\/p>                        <\/div>\n                    <\/div>\n                                                        <div class=\"bdt-tab-content-item \" data-content-id=\"lenguaje\">\n                        <div>\n                            <p>El \u00e1rea de Lenguaje es un espacio posibilitador de caminos para la interlocuci\u00f3n y la convivencia desarrollada a trav\u00e9s de tres ejes fundamentales: la pedagog\u00eda de la lengua, la pedagog\u00eda de la literatura y la pedagog\u00eda de otros sistemas simb\u00f3licos. Fomenta habilidades comunicativas y de pensamiento a trav\u00e9s de la literatura y las manifestaciones de lenguaje verbal y no verbal, para contribuir a la formaci\u00f3n de ni\u00f1os y j\u00f3venes pon competentes ling\u00fc\u00edsticamente, qui\u00e9nes con sus conocimientos y actitudes interpretan el mundo, se expresen se cuestionen y se apropien del entorno interviniendo la realidad sociocultural conforme a sus necesidades.<\/p>                        <\/div>\n                    <\/div>\n                                                        <div class=\"bdt-tab-content-item \" data-content-id=\"ingl-s\">\n                        <div>\n                            <p>El \u00e1rea Ingl\u00e9s busca favorecer en los estudiantes el conocimiento y contacto con otras culturas a trav\u00e9s de la reflexi\u00f3n sobre el propio mundo y sobre la importancia de la pluralidad y la diferencia en un contexto globalizado. Fomenta desde el primer ciclo, experiencias educativas que brindan la posibilidad de establecer contacto con otra lengua y otra cultura con el fin de enriquecer las habilidades comunicativas que le permitan comprender mejor la realidad mundial y tener un instrumento de comunicaci\u00f3n estrat\u00e9gico en diversas \u00e1reas del desarrollo humano.<\/p>                        <\/div>\n                    <\/div>\n                                                        <div class=\"bdt-tab-content-item \" data-content-id=\"felicidad\">\n                        <div>\n                            <p>El \u00c1rea de Felicidad brinda al estudiante aliancista la oportunidad de\u00a0 desarrollar cualidades del car\u00e1cter para aprender a ser y convivir como fundamento para el fortalecimiento de la dignidad humana y el incremento del bienestar consigo mismo, con los dem\u00e1s, con el entorno y con lo trascendente. Reconoce a Dios como fuente de todo bien a trav\u00e9s de la promoci\u00f3n de Su Palabra para que act\u00faen responsablemente y contribuyan a la construcci\u00f3n de\u00a0 una mejor sociedad.\u00a0<\/p>                        <\/div>\n                    <\/div>\n                                                        <div class=\"bdt-tab-content-item \" data-content-id=\"programaci-n\">\n                        <div>\n                            <p>Es un espacio que pretende brindar conocimientos y capacidades, que les faciliten usar los dispositivos tecnol\u00f3gicos a los estudiantes en la mayor parte del tiempo para crear proyectos mediante un conjunto de instrucciones que le digan a un computador c\u00f3mo realizar una tarea. Tambi\u00e9n, se enfoca en potencializar\u00a0 su imaginaci\u00f3n, creatividad, visi\u00f3n y soluci\u00f3n de problemas con tecnolog\u00eda. Adem\u00e1s de fortalecer su proceso de atenci\u00f3n, aprendizaje y desarrollo cognitivo.<\/p>                        <\/div>\n                    <\/div>\n                                                        <div class=\"bdt-tab-content-item \" data-content-id=\"m-sica\">\n                        <div>\n                            <p>Es un espacio de formaci\u00f3n y creaci\u00f3n, donde el objetivo principal es brindar al estudiante herramientas musicales y art\u00edsticas, para el desarrollo complementario de las \u00e1reas del conocimiento, enfocado en potenciar aspectos como la motricidad gruesa de los estudiantes, la pr\u00e1ctica instrumental y vocal. Por medio esta asignatura, el estudiante desarrolla elementos como, trabajo en equipo, trabajo individual, ejercicios de memorizaci\u00f3n, coordinaci\u00f3n y concentraci\u00f3n, adem\u00e1s del juego y la l\u00fadica como espacios para el proceso formativo del estudiante.<\/p>                        <\/div>\n                    <\/div>\n                                                        <div class=\"bdt-tab-content-item \" data-content-id=\"educaci-n-f-sica\">\n                        <div>\n                            <p>El \u00e1rea Educaci\u00f3n F\u00edsica recreaci\u00f3n y deporte del Colegio Nueva Alianza Integral brinda a la comunidad acad\u00e9mica estudiantil, la posibilidad de realizar ejercicio f\u00edsico por medio de retos de ejercitaci\u00f3n, esto con el fin de evitar el sedentarismo en nuestra comunidad y evitar enfermedades no transmisibles.<\/p><p>Cumpliendo estos retos con la mayor exigencia para mantener nuestros estados de energ\u00eda \u00f3ptimos y promover la sana competencia.<\/p>                        <\/div>\n                    <\/div>\n                            <\/div>\n        <\/div>\n                    \n                <\/div>                <a href=\"#\" id=\"bottom-anchor-b7fe160-1068\" data-bdt-hidden><\/a>\n            <\/div>\n        <\/div>\n    \t\t<\/div>\n\t\t\t\t<\/div>\n\t\t\t\t\t<\/div>\n\t\t<\/div>\n\t\t\t\t\t<\/div>\n\t\t<\/section>\n\t\t\t\t<\/div>\n\t\t","protected":false},"excerpt":{"rendered":"<p>Matem\u00e1ticas Ciencias Sociales Lenguaje Ingl\u00e9s Felicidad Programaci\u00f3n M\u00fasica Educaci\u00f3n F\u00edsica El \u00e1rea de Matem\u00e1ticas desarrolla y fortalece los tipos de pensamiento l\u00f3gico, num\u00e9rico, espacial, m\u00e9trico y variacional, por medio de los procesos de planteamiento y resoluci\u00f3n de problemas, razonamiento, comunicaci\u00f3n y de la modelaci\u00f3n, elaboraci\u00f3n, comparaci\u00f3n y ejercitaci\u00f3n de procedimientos; con la finalidad de aplicar &hellip;<\/p>\n<p class=\"read-more\"> <a class=\"\" href=\"https:\/\/colegionai.edu.co\/index.php\/objetivos\/\"> <span class=\"screen-reader-text\">Objetivos<\/span> Read More &raquo;<\/a><\/p>\n","protected":false},"author":1,"featured_media":0,"parent":0,"menu_order":0,"comment_status":"closed","ping_status":"closed","template":"","meta":{"om_disable_all_campaigns":false,"_monsterinsights_skip_tracking":false,"_monsterinsights_sitenote_active":false,"_monsterinsights_sitenote_note":"","_monsterinsights_sitenote_category":0,"site-sidebar-layout":"no-sidebar","site-content-layout":"page-builder","ast-global-header-display":"","ast-main-header-display":"","ast-hfb-above-header-display":"","ast-hfb-below-header-display":"","ast-hfb-mobile-header-display":"","site-post-title":"disabled","ast-breadcrumbs-content":"","ast-featured-img":"disabled","footer-sml-layout":"","theme-transparent-header-meta":"","adv-header-id-meta":"","stick-header-meta":"","header-above-stick-meta":"","header-main-stick-meta":"","header-below-stick-meta":"","footnotes":""},"aioseo_notices":[],"_links":{"self":[{"href":"https:\/\/colegionai.edu.co\/index.php\/wp-json\/wp\/v2\/pages\/17348"}],"collection":[{"href":"https:\/\/colegionai.edu.co\/index.php\/wp-json\/wp\/v2\/pages"}],"about":[{"href":"https:\/\/colegionai.edu.co\/index.php\/wp-json\/wp\/v2\/types\/page"}],"author":[{"embeddable":true,"href":"https:\/\/colegionai.edu.co\/index.php\/wp-json\/wp\/v2\/users\/1"}],"replies":[{"embeddable":true,"href":"https:\/\/colegionai.edu.co\/index.php\/wp-json\/wp\/v2\/comments?post=17348"}],"version-history":[{"count":40,"href":"https:\/\/colegionai.edu.co\/index.php\/wp-json\/wp\/v2\/pages\/17348\/revisions"}],"predecessor-version":[{"id":18418,"href":"https:\/\/colegionai.edu.co\/index.php\/wp-json\/wp\/v2\/pages\/17348\/revisions\/18418"}],"wp:attachment":[{"href":"https:\/\/colegionai.edu.co\/index.php\/wp-json\/wp\/v2\/media?parent=17348"}],"curies":[{"name":"wp","href":"https:\/\/api.w.org\/{rel}","templated":true}]}}